{"id":514,"date":"2019-08-20T22:42:23","date_gmt":"2019-08-20T20:42:23","guid":{"rendered":"http:\/\/www.franzvitzthum.de\/?page_id=514"},"modified":"2022-03-18T20:40:44","modified_gmt":"2022-03-18T20:40:44","slug":"konzerte","status":"publish","type":"page","link":"https:\/\/www.franzvitzthum.de\/?page_id=514","title":{"rendered":"KONZERTE"},"content":{"rendered":"<p>[et_pb_section fb_built=&#8220;1&#8243; fullwidth=&#8220;on&#8220; _builder_version=&#8220;3.27.4&#8243; global_colors_info=&#8220;{}&#8220;][\/et_pb_section][et_pb_section fb_built=&#8220;1&#8243; fullwidth=&#8220;on&#8220; _builder_version=&#8220;3.22.3&#8243; custom_padding=&#8220;0|0px|0px|0px|false|false&#8220; global_colors_info=&#8220;{}&#8220;][et_pb_fullwidth_image src=&#8220;https:\/\/www.franzvitzthum.de\/wp-content\/uploads\/2019\/09\/Franz-Vitzthum_Erzgebirge_225.jpg&#8220; disabled_on=&#8220;off|off|off&#8220; _builder_version=&#8220;3.27.4&#8243; height=&#8220;547px&#8220; height_tablet=&#8220;&#8220; height_phone=&#8220;&#8220; height_last_edited=&#8220;on|desktop&#8220; filter_saturate=&#8220;102%&#8220; filter_brightness=&#8220;122%&#8220; filter_contrast=&#8220;132%&#8220; global_colors_info=&#8220;{}&#8220;][\/et_pb_fullwidth_image][\/et_pb_section][et_pb_section fb_built=&#8220;1&#8243; _builder_version=&#8220;3.22&#8243; global_colors_info=&#8220;{}&#8220;][et_pb_row _builder_version=&#8220;3.25&#8243; background_size=&#8220;initial&#8220; background_position=&#8220;top_left&#8220; background_repeat=&#8220;repeat&#8220; global_colors_info=&#8220;{}&#8220;][et_pb_column type=&#8220;4_4&#8243; _builder_version=&#8220;3.25&#8243; custom_padding=&#8220;|||&#8220; global_colors_info=&#8220;{}&#8220; custom_padding__hover=&#8220;|||&#8220;][et_pb_text _builder_version=&#8220;3.27.4&#8243; global_colors_info=&#8220;{}&#8220;]<\/p>\n<h2>Aktuelle Konzerte<\/h2>\n<p>[\/et_pb_text][et_pb_text _builder_version=&#8220;3.27.4&#8243; background_size=&#8220;initial&#8220; background_position=&#8220;top_left&#8220; background_repeat=&#8220;repeat&#8220; global_colors_info=&#8220;{}&#8220;]<\/p>\n<div class=\"konzerte\">\r\n\t<div class=\"konzertdatumuhrzeit\">\r\n\t\t<div class=\"konzertdatum\">03.04.2026<\/div>\r\n\t\t<div class=\"konzertuhrzeit\">18.00 Uhr<\/div>\r\n\t<\/div>\r\n\t<div class=\"konzertdetails\">\r\n\t\t<div class=\"konzertort\">|: Weimar,  Herderkirche<\/div>\r\n\t\t<div class=\"konzertveranstaltung\"><\/div>\r\n\t\t<div class=\"konzertbeschreibung\"><p>Johann Sebastian Bach<\/p>\n<p>Matth\u00e4uspassion<\/p>\n<p>&nbsp;<\/p>\n<p>Katja Stuber \u2013 Sopran<br \/>\nFranz Vitzthum \u2013 Alt<br \/>\nBenjamin Glaubitz \u2013 Tenor<br \/>\nUwe Schenker-Primus \u2013 Bariton<br \/>\nSebastian Myrus \u2013 Bass<\/p>\n<p>Bachchor Weimar<br \/>\nJugendchor der Evangelischen Singschule Weimar<br \/>\nEnsemble Hofmusik Weimar<br \/>\nJohannes Kleinjung \u2013 Leitung<\/p>\n<\/div>\r\n\t\t<div class=\"konzertveranstaltungslink\"><a href=\"http:\/\/www.musik-herderkirche.de\/event\/matthaeuspassion\/%20\" target=\"_blank\" rel=\"noopener noreferrer\">www.musik-herderkirche.de\/event\/matthaeuspassion\/ <\/a><\/div>\r\n\t<\/div>\r\n\t<div class=\"bereinigen\">\r\n\t<\/div>\r\n<\/div><div class=\"konzerte\">\r\n\t<div class=\"konzertdatumuhrzeit\">\r\n\t\t<div class=\"konzertdatum\">06.04.2026<\/div>\r\n\t\t<div class=\"konzertuhrzeit\"><\/div>\r\n\t<\/div>\r\n\t<div class=\"konzertdetails\">\r\n\t\t<div class=\"konzertort\">|: NL-Amsterdam,  Muziekgebouw<\/div>\r\n\t\t<div class=\"konzertveranstaltung\"><\/div>\r\n\t\t<div class=\"konzertbeschreibung\"><p>Adrian Willaert: \u00a0Johannespassion<\/p>\n<p><a href=\"https:\/\/www.dionysosnow.com\/en\/#concerten\">Dionysos now!<\/a><\/p>\n<\/div>\r\n\t\t<div class=\"konzertveranstaltungslink\"><\/div>\r\n\t<\/div>\r\n\t<div class=\"bereinigen\">\r\n\t<\/div>\r\n<\/div><div class=\"konzerte\">\r\n\t<div class=\"konzertdatumuhrzeit\">\r\n\t\t<div class=\"konzertdatum\">18.04.2026<\/div>\r\n\t\t<div class=\"konzertuhrzeit\">17.15 Uhr<\/div>\r\n\t<\/div>\r\n\t<div class=\"konzertdetails\">\r\n\t\t<div class=\"konzertort\">|: CH-Basel,  Kart\u00e4userkirche<\/div>\r\n\t\t<div class=\"konzertveranstaltung\">Orpheus Festival<\/div>\r\n\t\t<div class=\"konzertbeschreibung\"><p><a href=\"https:\/\/www.orpheusfestival.ch\/programm\">John Dowland- Europ\u00e4ischer Orpheus<\/a><\/p>\n<p>Werke von J. Dowland, T. Campion, G. Caccini et al<\/p>\n<p>&nbsp;<\/p>\n<p>Julian Behr, Laute<\/p>\n<\/div>\r\n\t\t<div class=\"konzertveranstaltungslink\"><\/div>\r\n\t<\/div>\r\n\t<div class=\"bereinigen\">\r\n\t<\/div>\r\n<\/div><div class=\"konzerte\">\r\n\t<div class=\"konzertdatumuhrzeit\">\r\n\t\t<div class=\"konzertdatum\">26.04.2026<\/div>\r\n\t\t<div class=\"konzertuhrzeit\">19.00 Uhr<\/div>\r\n\t<\/div>\r\n\t<div class=\"konzertdetails\">\r\n\t\t<div class=\"konzertort\">|: Wehrheim  <\/div>\r\n\t\t<div class=\"konzertveranstaltung\"><\/div>\r\n\t\t<div class=\"konzertbeschreibung\"><p>&#8222;Freundliche Stille&#8220;<\/p>\n<p>Ges\u00e4nge und Texte von Frieden und Gl\u00fcck f\u00fcr Countertenor und Akkordeon.<\/p>\n<p>Markus Flaig, Akkordeon<\/p>\n<p>&nbsp;<\/p>\n<p>&nbsp;<\/p>\n<\/div>\r\n\t\t<div class=\"konzertveranstaltungslink\"><a href=\"http:\/\/www.konzerte-wehrheim.de\/20260426.html\u00a0%20\" target=\"_blank\" rel=\"noopener noreferrer\">www.konzerte-wehrheim.de\/20260426.html\u00a0 <\/a><\/div>\r\n\t<\/div>\r\n\t<div class=\"bereinigen\">\r\n\t<\/div>\r\n<\/div><div class=\"konzerte\">\r\n\t<div class=\"konzertdatumuhrzeit\">\r\n\t\t<div class=\"konzertdatum\">19.06.2026<\/div>\r\n\t\t<div class=\"konzertuhrzeit\"><\/div>\r\n\t<\/div>\r\n\t<div class=\"konzertdetails\">\r\n\t\t<div class=\"konzertort\">|: BE- Oostende  <\/div>\r\n\t\t<div class=\"konzertveranstaltung\">Flow Festival<\/div>\r\n\t\t<div class=\"konzertbeschreibung\"><p>Dionysos now!<\/p>\n<p>The Festival is an innovative and inspiring celebration of music dedicated to the exploration and appreciation of polyphonic soundscapes. This festival promises to be a transformative and unmissable experience for music lovers, artists and curious souls.<\/p>\n<p><a href=\"https:\/\/www.dionysosnow.com\/en\/#concerten\">Details follow here.<\/a><\/p>\n<p>&nbsp;<\/p>\n<\/div>\r\n\t\t<div class=\"konzertveranstaltungslink\"><\/div>\r\n\t<\/div>\r\n\t<div class=\"bereinigen\">\r\n\t<\/div>\r\n<\/div><div class=\"konzerte\">\r\n\t<div class=\"konzertdatumuhrzeit\">\r\n\t\t<div class=\"konzertdatum\">12.07.2026<\/div>\r\n\t\t<div class=\"konzertuhrzeit\">17.00 Uhr<\/div>\r\n\t<\/div>\r\n\t<div class=\"konzertdetails\">\r\n\t\t<div class=\"konzertort\">|: Kirrweiler,  Katholische Pfarrkirche Kreuzerh\u00f6hung<\/div>\r\n\t\t<div class=\"konzertveranstaltung\">\"JOHN DOWLAND-EUROP\u00c4ISCHER ORPHEUS\"<\/div>\r\n\t\t<div class=\"konzertbeschreibung\"><p>Werke von John Dowland, Luca Marenzio, Thomas Campion et al<\/p>\n<p>Franz Vitzthum, Countertenor<\/p>\n<p>Julian Behr, Laute<\/p>\n<\/div>\r\n\t\t<div class=\"konzertveranstaltungslink\"><a href=\"http:\/\/www.pfalz.de\/de\/veranstaltung\/kammerkonzert-john-dowland-europaeischer-orpheus%20\" target=\"_blank\" rel=\"noopener noreferrer\">www.pfalz.de\/de\/veranstaltung\/kammerkonzert-john-dowland-europaeischer-orpheus <\/a><\/div>\r\n\t<\/div>\r\n\t<div class=\"bereinigen\">\r\n\t<\/div>\r\n<\/div><div class=\"konzerte\">\r\n\t<div class=\"konzertdatumuhrzeit\">\r\n\t\t<div class=\"konzertdatum\">17.07.2026<\/div>\r\n\t\t<div class=\"konzertuhrzeit\">22.00 Uhr<\/div>\r\n\t<\/div>\r\n\t<div class=\"konzertdetails\">\r\n\t\t<div class=\"konzertort\">|: A- Freistadt  <\/div>\r\n\t\t<div class=\"konzertveranstaltung\"><\/div>\r\n\t\t<div class=\"konzertbeschreibung\"><p>Vox et Echo<\/p>\n<p>45 Minuten Stimme solo<\/p>\n<p>Mit Werken von der Gregorianik, Dowland bis hin zu zeitgen\u00f6ssischen Werken von Joanne Metcalf und Max Becksch\u00e4fer.<\/p>\n<p>Elektronische Klangminiaturen von <a href=\"https:\/\/www.aloisspaeth.de\">Alois Sp\u00e4th<\/a><\/p>\n<p>&nbsp;<\/p>\n<p>Festival Originalklang Freistadt<\/p>\n<\/div>\r\n\t\t<div class=\"konzertveranstaltungslink\"><\/div>\r\n\t<\/div>\r\n\t<div class=\"bereinigen\">\r\n\t<\/div>\r\n<\/div><div class=\"konzerte\">\r\n\t<div class=\"konzertdatumuhrzeit\">\r\n\t\t<div class=\"konzertdatum\">23.07.2026<\/div>\r\n\t\t<div class=\"konzertuhrzeit\"><\/div>\r\n\t<\/div>\r\n\t<div class=\"konzertdetails\">\r\n\t\t<div class=\"konzertort\">|: Recklinghausen,  Willy Brand Park 3, 45657 Recklinghausen<\/div>\r\n\t\t<div class=\"konzertveranstaltung\"><\/div>\r\n\t\t<div class=\"konzertbeschreibung\"><p><a href=\"https:\/\/www.sommerakademie-altemusik-recklinghausen.de\">Sommerakademie f\u00fcr Alte Musik<\/a><br \/>\nRecklinghausen<\/p>\n<p>23.-26.7.2026<\/p>\n<p>Kurse und Konzerte f\u00fcr Blockfl\u00f6te, Gambe, Streichinstrumente, Laute, Cembalo und Gesang<\/p>\n<p>&nbsp;<\/p>\n<\/div>\r\n\t\t<div class=\"konzertveranstaltungslink\"><\/div>\r\n\t<\/div>\r\n\t<div class=\"bereinigen\">\r\n\t<\/div>\r\n<\/div><div class=\"konzerte\">\r\n\t<div class=\"konzertdatumuhrzeit\">\r\n\t\t<div class=\"konzertdatum\">06.08.2026<\/div>\r\n\t\t<div class=\"konzertuhrzeit\"><\/div>\r\n\t<\/div>\r\n\t<div class=\"konzertdetails\">\r\n\t\t<div class=\"konzertort\">|: BE- Oostende  <\/div>\r\n\t\t<div class=\"konzertveranstaltung\"><\/div>\r\n\t\t<div class=\"konzertbeschreibung\"><p>Dionysos now!<\/p>\n<p><a href=\"https:\/\/theateraanzee.be\/en\">Theater aan Zee Festival\u00a0<\/a><\/p>\n<\/div>\r\n\t\t<div class=\"konzertveranstaltungslink\"><\/div>\r\n\t<\/div>\r\n\t<div class=\"bereinigen\">\r\n\t<\/div>\r\n<\/div>\n<p>[\/et_pb_text][\/et_pb_column][\/et_pb_row][\/et_pb_section]<\/p>\n","protected":false},"excerpt":{"rendered":"<p>Aktuelle Konzerte<div class=\"konzerte\">\r\n\t<div class=\"konzertdatumuhrzeit\">\r\n\t\t<div class=\"konzertdatum\">03.04.2026<\/div>\r\n\t\t<div class=\"konzertuhrzeit\">18.00 Uhr<\/div>\r\n\t<\/div>\r\n\t<div class=\"konzertdetails\">\r\n\t\t<div class=\"konzertort\">|: Weimar,  Herderkirche<\/div>\r\n\t\t<div class=\"konzertveranstaltung\"><\/div>\r\n\t\t<div class=\"konzertbeschreibung\"><p>Johann Sebastian Bach<\/p>\n<p>Matth\u00e4uspassion<\/p>\n<p>&nbsp;<\/p>\n<p>Katja Stuber \u2013 Sopran<br \/>\nFranz Vitzthum \u2013 Alt<br \/>\nBenjamin Glaubitz \u2013 Tenor<br \/>\nUwe Schenker-Primus \u2013 Bariton<br \/>\nSebastian Myrus \u2013 Bass<\/p>\n<p>Bachchor Weimar<br \/>\nJugendchor der Evangelischen Singschule Weimar<br \/>\nEnsemble Hofmusik Weimar<br \/>\nJohannes Kleinjung \u2013 Leitung<\/p>\n<\/div>\r\n\t\t<div class=\"konzertveranstaltungslink\"><a href=\"http:\/\/www.musik-herderkirche.de\/event\/matthaeuspassion\/%20\" target=\"_blank\" rel=\"noopener noreferrer\">www.musik-herderkirche.de\/event\/matthaeuspassion\/ <\/a><\/div>\r\n\t<\/div>\r\n\t<div class=\"bereinigen\">\r\n\t<\/div>\r\n<\/div><div class=\"konzerte\">\r\n\t<div class=\"konzertdatumuhrzeit\">\r\n\t\t<div class=\"konzertdatum\">06.04.2026<\/div>\r\n\t\t<div class=\"konzertuhrzeit\"><\/div>\r\n\t<\/div>\r\n\t<div class=\"konzertdetails\">\r\n\t\t<div class=\"konzertort\">|: NL-Amsterdam,  Muziekgebouw<\/div>\r\n\t\t<div class=\"konzertveranstaltung\"><\/div>\r\n\t\t<div class=\"konzertbeschreibung\"><p>Adrian Willaert: \u00a0Johannespassion<\/p>\n<p><a href=\"https:\/\/www.dionysosnow.com\/en\/#concerten\">Dionysos now!<\/a><\/p>\n<\/div>\r\n\t\t<div class=\"konzertveranstaltungslink\"><\/div>\r\n\t<\/div>\r\n\t<div class=\"bereinigen\">\r\n\t<\/div>\r\n<\/div><div class=\"konzerte\">\r\n\t<div class=\"konzertdatumuhrzeit\">\r\n\t\t<div class=\"konzertdatum\">18.04.2026<\/div>\r\n\t\t<div class=\"konzertuhrzeit\">17.15 Uhr<\/div>\r\n\t<\/div>\r\n\t<div class=\"konzertdetails\">\r\n\t\t<div class=\"konzertort\">|: CH-Basel,  Kart\u00e4userkirche<\/div>\r\n\t\t<div class=\"konzertveranstaltung\">Orpheus Festival<\/div>\r\n\t\t<div class=\"konzertbeschreibung\"><p><a href=\"https:\/\/www.orpheusfestival.ch\/programm\">John Dowland- Europ\u00e4ischer Orpheus<\/a><\/p>\n<p>Werke von J. Dowland, T. Campion, G. Caccini et al<\/p>\n<p>&nbsp;<\/p>\n<p>Julian Behr, Laute<\/p>\n<\/div>\r\n\t\t<div class=\"konzertveranstaltungslink\"><\/div>\r\n\t<\/div>\r\n\t<div class=\"bereinigen\">\r\n\t<\/div>\r\n<\/div><div class=\"konzerte\">\r\n\t<div class=\"konzertdatumuhrzeit\">\r\n\t\t<div class=\"konzertdatum\">26.04.2026<\/div>\r\n\t\t<div class=\"konzertuhrzeit\">19.00 Uhr<\/div>\r\n\t<\/div>\r\n\t<div class=\"konzertdetails\">\r\n\t\t<div class=\"konzertort\">|: Wehrheim  <\/div>\r\n\t\t<div class=\"konzertveranstaltung\"><\/div>\r\n\t\t<div class=\"konzertbeschreibung\"><p>&#8222;Freundliche Stille&#8220;<\/p>\n<p>Ges\u00e4nge und Texte von Frieden und Gl\u00fcck f\u00fcr Countertenor und Akkordeon.<\/p>\n<p>Markus Flaig, Akkordeon<\/p>\n<p>&nbsp;<\/p>\n<p>&nbsp;<\/p>\n<\/div>\r\n\t\t<div class=\"konzertveranstaltungslink\"><a href=\"http:\/\/www.konzerte-wehrheim.de\/20260426.html\u00a0%20\" target=\"_blank\" rel=\"noopener noreferrer\">www.konzerte-wehrheim.de\/20260426.html\u00a0 <\/a><\/div>\r\n\t<\/div>\r\n\t<div class=\"bereinigen\">\r\n\t<\/div>\r\n<\/div><div class=\"konzerte\">\r\n\t<div class=\"konzertdatumuhrzeit\">\r\n\t\t<div class=\"konzertdatum\">19.06.2026<\/div>\r\n\t\t<div class=\"konzertuhrzeit\"><\/div>\r\n\t<\/div>\r\n\t<div class=\"konzertdetails\">\r\n\t\t<div class=\"konzertort\">|: BE- Oostende  <\/div>\r\n\t\t<div class=\"konzertveranstaltung\">Flow Festival<\/div>\r\n\t\t<div class=\"konzertbeschreibung\"><p>Dionysos now!<\/p>\n<p>The Festival is an innovative and inspiring celebration of music dedicated to the exploration and appreciation of polyphonic soundscapes. This festival promises to be a transformative and unmissable experience for music lovers, artists and curious souls.<\/p>\n<p><a href=\"https:\/\/www.dionysosnow.com\/en\/#concerten\">Details follow here.<\/a><\/p>\n<p>&nbsp;<\/p>\n<\/div>\r\n\t\t<div class=\"konzertveranstaltungslink\"><\/div>\r\n\t<\/div>\r\n\t<div class=\"bereinigen\">\r\n\t<\/div>\r\n<\/div><div class=\"konzerte\">\r\n\t<div class=\"konzertdatumuhrzeit\">\r\n\t\t<div class=\"konzertdatum\">12.07.2026<\/div>\r\n\t\t<div class=\"konzertuhrzeit\">17.00 Uhr<\/div>\r\n\t<\/div>\r\n\t<div class=\"konzertdetails\">\r\n\t\t<div class=\"konzertort\">|: Kirrweiler,  Katholische Pfarrkirche Kreuzerh\u00f6hung<\/div>\r\n\t\t<div class=\"konzertveranstaltung\">\"JOHN DOWLAND-EUROP\u00c4ISCHER ORPHEUS\"<\/div>\r\n\t\t<div class=\"konzertbeschreibung\"><p>Werke von John Dowland, Luca Marenzio, Thomas Campion et al<\/p>\n<p>Franz Vitzthum, Countertenor<\/p>\n<p>Julian Behr, Laute<\/p>\n<\/div>\r\n\t\t<div class=\"konzertveranstaltungslink\"><a href=\"http:\/\/www.pfalz.de\/de\/veranstaltung\/kammerkonzert-john-dowland-europaeischer-orpheus%20\" target=\"_blank\" rel=\"noopener noreferrer\">www.pfalz.de\/de\/veranstaltung\/kammerkonzert-john-dowland-europaeischer-orpheus <\/a><\/div>\r\n\t<\/div>\r\n\t<div class=\"bereinigen\">\r\n\t<\/div>\r\n<\/div><div class=\"konzerte\">\r\n\t<div class=\"konzertdatumuhrzeit\">\r\n\t\t<div class=\"konzertdatum\">17.07.2026<\/div>\r\n\t\t<div class=\"konzertuhrzeit\">22.00 Uhr<\/div>\r\n\t<\/div>\r\n\t<div class=\"konzertdetails\">\r\n\t\t<div class=\"konzertort\">|: A- Freistadt  <\/div>\r\n\t\t<div class=\"konzertveranstaltung\"><\/div>\r\n\t\t<div class=\"konzertbeschreibung\"><p>Vox et Echo<\/p>\n<p>45 Minuten Stimme solo<\/p>\n<p>Mit Werken von der Gregorianik, Dowland bis hin zu zeitgen\u00f6ssischen Werken von Joanne Metcalf und Max Becksch\u00e4fer.<\/p>\n<p>Elektronische Klangminiaturen von <a href=\"https:\/\/www.aloisspaeth.de\">Alois Sp\u00e4th<\/a><\/p>\n<p>&nbsp;<\/p>\n<p>Festival Originalklang Freistadt<\/p>\n<\/div>\r\n\t\t<div class=\"konzertveranstaltungslink\"><\/div>\r\n\t<\/div>\r\n\t<div class=\"bereinigen\">\r\n\t<\/div>\r\n<\/div><div class=\"konzerte\">\r\n\t<div class=\"konzertdatumuhrzeit\">\r\n\t\t<div class=\"konzertdatum\">23.07.2026<\/div>\r\n\t\t<div class=\"konzertuhrzeit\"><\/div>\r\n\t<\/div>\r\n\t<div class=\"konzertdetails\">\r\n\t\t<div class=\"konzertort\">|: Recklinghausen,  Willy Brand Park 3, 45657 Recklinghausen<\/div>\r\n\t\t<div class=\"konzertveranstaltung\"><\/div>\r\n\t\t<div class=\"konzertbeschreibung\"><p><a href=\"https:\/\/www.sommerakademie-altemusik-recklinghausen.de\">Sommerakademie f\u00fcr Alte Musik<\/a><br \/>\nRecklinghausen<\/p>\n<p>23.-26.7.2026<\/p>\n<p>Kurse und Konzerte f\u00fcr Blockfl\u00f6te, Gambe, Streichinstrumente, Laute, Cembalo und Gesang<\/p>\n<p>&nbsp;<\/p>\n<\/div>\r\n\t\t<div class=\"konzertveranstaltungslink\"><\/div>\r\n\t<\/div>\r\n\t<div class=\"bereinigen\">\r\n\t<\/div>\r\n<\/div><div class=\"konzerte\">\r\n\t<div class=\"konzertdatumuhrzeit\">\r\n\t\t<div class=\"konzertdatum\">06.08.2026<\/div>\r\n\t\t<div class=\"konzertuhrzeit\"><\/div>\r\n\t<\/div>\r\n\t<div class=\"konzertdetails\">\r\n\t\t<div class=\"konzertort\">|: BE- Oostende  <\/div>\r\n\t\t<div class=\"konzertveranstaltung\"><\/div>\r\n\t\t<div class=\"konzertbeschreibung\"><p>Dionysos now!<\/p>\n<p><a href=\"https:\/\/theateraanzee.be\/en\">Theater aan Zee Festival\u00a0<\/a><\/p>\n<\/div>\r\n\t\t<div class=\"konzertveranstaltungslink\"><\/div>\r\n\t<\/div>\r\n\t<div class=\"bereinigen\">\r\n\t<\/div>\r\n<\/div><\/p>\n","protected":false},"author":3,"featured_media":0,"parent":0,"menu_order":0,"comment_status":"closed","ping_status":"closed","template":"","meta":{"_acf_changed":false,"_et_pb_use_builder":"on","_et_pb_old_content":"[pods name=\"konzerte\" orderby=\"konzertdatum\" template=\"Konzert Template\"]","_et_gb_content_width":"","footnotes":""},"class_list":["post-514","page","type-page","status-publish","hentry"],"acf":[],"_links":{"self":[{"href":"https:\/\/www.franzvitzthum.de\/index.php?rest_route=\/wp\/v2\/pages\/514","targetHints":{"allow":["GET"]}}],"collection":[{"href":"https:\/\/www.franzvitzthum.de\/index.php?rest_route=\/wp\/v2\/pages"}],"about":[{"href":"https:\/\/www.franzvitzthum.de\/index.php?rest_route=\/wp\/v2\/types\/page"}],"author":[{"embeddable":true,"href":"https:\/\/www.franzvitzthum.de\/index.php?rest_route=\/wp\/v2\/users\/3"}],"replies":[{"embeddable":true,"href":"https:\/\/www.franzvitzthum.de\/index.php?rest_route=%2Fwp%2Fv2%2Fcomments&post=514"}],"version-history":[{"count":42,"href":"https:\/\/www.franzvitzthum.de\/index.php?rest_route=\/wp\/v2\/pages\/514\/revisions"}],"predecessor-version":[{"id":1951,"href":"https:\/\/www.franzvitzthum.de\/index.php?rest_route=\/wp\/v2\/pages\/514\/revisions\/1951"}],"wp:attachment":[{"href":"https:\/\/www.franzvitzthum.de\/index.php?rest_route=%2Fwp%2Fv2%2Fmedia&parent=514"}],"curies":[{"name":"wp","href":"https:\/\/api.w.org\/{rel}","templated":true}]}}