{"id":137,"date":"2018-09-16T14:42:38","date_gmt":"2018-09-16T12:42:38","guid":{"rendered":"http:\/\/www.franzvitzthum.de\/?page_id=137"},"modified":"2019-09-27T17:43:05","modified_gmt":"2019-09-27T15:43:05","slug":"impressum","status":"publish","type":"page","link":"https:\/\/www.franzvitzthum.de\/?page_id=137","title":{"rendered":"IMPRESSUM"},"content":{"rendered":"<p>>[et_pb_section fb_built=&#8220;1&#8243; fullwidth=&#8220;on&#8220; _builder_version=&#8220;3.22&#8243; fb_built=&#8220;1&#8243; _i=&#8220;0&#8243; _address=&#8220;0&#8243;][\/et_pb_section][et_pb_section fb_built=&#8220;1&#8243; fullwidth=&#8220;on&#8220; _builder_version=&#8220;3.22&#8243; fb_built=&#8220;1&#8243; _i=&#8220;1&#8243; _address=&#8220;1&#8243;][et_pb_fullwidth_image src=&#8220;https:\/\/www.franzvitzthum.de\/wp-content\/uploads\/2018\/09\/Steg-hohe-Auflo\u0308sung_MG_7497_smal.jpg&#8220; _builder_version=&#8220;3.14&#8243; _i=&#8220;0&#8243; _address=&#8220;1.0&#8243;][\/et_pb_fullwidth_image][\/et_pb_section][et_pb_section fb_built=&#8220;1&#8243; _builder_version=&#8220;3.22&#8243; fb_built=&#8220;1&#8243; _i=&#8220;2&#8243; _address=&#8220;2&#8243;][et_pb_row admin_label=&#8220;row&#8220; _builder_version=&#8220;3.25&#8243; background_size=&#8220;initial&#8220; background_position=&#8220;top_left&#8220; background_repeat=&#8220;repeat&#8220; _i=&#8220;0&#8243; _address=&#8220;2.0&#8243;][et_pb_column type=&#8220;4_4&#8243; _builder_version=&#8220;3.25&#8243; custom_padding=&#8220;|||&#8220; _i=&#8220;0&#8243; _address=&#8220;2.0.0&#8243; custom_padding__hover=&#8220;|||&#8220;][et_pb_text admin_label=&#8220;Text&#8220; _builder_version=&#8220;3.27.4&#8243; background_size=&#8220;initial&#8220; background_position=&#8220;top_left&#8220; background_repeat=&#8220;repeat&#8220; hover_enabled=&#8220;0&#8243; _i=&#8220;0&#8243; _address=&#8220;2.0.0.0&#8243;]<\/p>\n<section class=\"blended\">\n<h5><strong>Verantwortlich f\u00fcr den<\/strong><br \/><strong> Inhalt dieser Seiten<\/strong><\/h5>\n<p>Franz Vitzthum<br \/>Am Rebeng\u00e4rtchen 14<br \/>D-69190 Walldorf<\/p>\n<p>Telefon +49 (0) 62 27 3 98 29 99<br \/>Mobil 01 71 9 95 76 31<\/p>\n<p>E-Mail <a title=\"E-Mail an Franz Vitzthum\">info(at)franzvitzthum(dot)de<\/a><\/p>\n<\/section>\n<section class=\"blended\">\n<p>&nbsp;<\/p>\n<h5><strong>Programmierung und Gestaltung<\/strong><\/h5>\n<\/section>\n<section class=\"blended\">\n<section class=\"blended\">Bj\u00f6rn Wamser<br \/>B\u00fcrgermeister-Willinger-Stra\u00dfe 100<br \/>69190 Walldorf<\/p>\n<p>Telefon +49 (0) 177 2432146<\/p>\n<\/section>\n<section class=\"blended\">\n<h5>\u00a0<\/h5>\n<\/section>\n<h5><strong>Fotonachweis<\/strong><\/h5>\n<p>Fotos von Bj\u00f6rn Wamser, <a href=\"https:\/\/www.schneiderphotography.de\">Christine Schneider, <\/a><a href=\"http:\/\/www.musikfest-erzgebirge.de\">Musikfest Erzgebirge<\/a>: Mathias Marx, <a href=\"https:\/\/www.bilderbuchgeschichten.de\/tag\/fotograf-angie-ernst\">Angie Ernst<\/a>,<\/p>\n<\/section>\n<section class=\"blended\">\n<h5>\u00a0<\/h5>\n<h5><strong>Urheberrecht<\/strong><\/h5>\n<p>Das Urheberrecht an den auf diesen Seiten bereit gestellten Dateien liegt beim Anbieter. Jede kommerzielle Nutzung bedarf der Zustimmung des Anbieters.<\/p>\n<\/section>\n<section class=\"blended\">\n<h5>\u00a0<\/h5>\n<h5><strong>Haftungsausschluss<\/strong><\/h5>\n<p>Die Anbieter sind bem\u00fcht, ihr Angebot aktuell, inhaltlich richtig und vollst\u00e4ndig anzubieten. Das Auftreten von Fehlern kann dennoch nicht ausgeschlossen werden. Die Anbieter \u00fcbernehmen keine Haftung f\u00fcr die Aktualit\u00e4t, den Inhalt und die Vollst\u00e4ndigkeit der in ihrem Webangebot bereitgestellten Informationen, es sei denn, Fehler wurden vors\u00e4tzlich oder grob fahrl\u00e4ssig begangen. Dieses online-Angebot enth\u00e4lt Verkn\u00fcpfungen (Links) zu anderen Adressen im Internet. Die Anbieter haben keinen Einfluss auf Gestaltung und Inhalte fremder Internetseiten.<\/p>\n<\/section>\n<p>[\/et_pb_text][\/et_pb_column][\/et_pb_row][\/et_pb_section]<\/p>\n","protected":false},"excerpt":{"rendered":"<p>> Verantwortlich f\u00fcr den Inhalt dieser Seiten Franz VitzthumAm Rebeng\u00e4rtchen 14D-69190 Walldorf Telefon +49 (0) 62 27 3 98 29 99Mobil 01 71 9 95 76 31 E-Mail info(at)franzvitzthum(dot)de &nbsp; Programmierung und Gestaltung Bj\u00f6rn WamserB\u00fcrgermeister-Willinger-Stra\u00dfe 10069190 Walldorf Telefon +49 (0) 177 2432146 \u00a0 Fotonachweis Fotos von Bj\u00f6rn Wamser, Christine Schneider, Musikfest Erzgebirge: Mathias Marx, Angie [&hellip;]<\/p>\n","protected":false},"author":3,"featured_media":0,"parent":0,"menu_order":0,"comment_status":"closed","ping_status":"closed","template":"","meta":{"_acf_changed":false,"_et_pb_use_builder":"on","_et_pb_old_content":"<section class=\"blended\">\r\n<h2>Verantwortlich f\u00fcr den\r\nInhalt dieser Seiten<\/h2>\r\nFranz Vitzthum\r\nAm Rebeng\u00e4rtchen 14\r\nD-69190 Walldorf\r\n\r\nTelefon +49 (0) 62 27 3 98 29 99\r\nMobil 01 71 9 95 76 31\r\n\r\nE-Mail <a title=\"E-Mail an Franz Vitzthum\">info(at)franzvitzthum(dot)de<\/a>\r\n\r\n<\/section><section class=\"blended\">\r\n<h2>Programmierung und Gestaltung<\/h2>\r\nBj\u00f6rn Wamser\r\nB\u00fcrgermeister-Willinger-Stra\u00dfe 100\r\n69190 Walldorf\r\n\r\nTelefon +49 (0) 177 2432146\r\n\r\n<\/section><section class=\"blended\">\r\n<h2>Urheberrecht<\/h2>\r\nDas Urheberrecht an den auf diesen Seiten bereit gestellten Dateien liegt beim Anbieter. Jede kommerzielle Nutzung bedarf der Zustimmung des Anbieters.\r\n\r\n<\/section><section class=\"blended\">\r\n<h2>Haftungsausschluss<\/h2>\r\nDie Anbieter sind bem\u00fcht, ihr Angebot aktuell, inhaltlich richtig und vollst\u00e4ndig anzubieten. Das Auftreten von Fehlern kann dennoch nicht ausgeschlossen werden. Die Anbieter \u00fcbernehmen keine Haftung f\u00fcr die Aktualit\u00e4t, den Inhalt und die Vollst\u00e4ndigkeit der in ihrem Webangebot bereitgestellten Informationen, es sei denn, Fehler wurden vors\u00e4tzlich oder grob fahrl\u00e4ssig begangen. Dieses online-Angebot enth\u00e4lt Verkn\u00fcpfungen (Links) zu anderen Adressen im Internet. Die Anbieter haben keinen Einfluss auf Gestaltung und Inhalte fremder Internetseiten.\r\n\r\n<\/section>","_et_gb_content_width":"","footnotes":""},"class_list":["post-137","page","type-page","status-publish","hentry"],"acf":[],"_links":{"self":[{"href":"https:\/\/www.franzvitzthum.de\/index.php?rest_route=\/wp\/v2\/pages\/137","targetHints":{"allow":["GET"]}}],"collection":[{"href":"https:\/\/www.franzvitzthum.de\/index.php?rest_route=\/wp\/v2\/pages"}],"about":[{"href":"https:\/\/www.franzvitzthum.de\/index.php?rest_route=\/wp\/v2\/types\/page"}],"author":[{"embeddable":true,"href":"https:\/\/www.franzvitzthum.de\/index.php?rest_route=\/wp\/v2\/users\/3"}],"replies":[{"embeddable":true,"href":"https:\/\/www.franzvitzthum.de\/index.php?rest_route=%2Fwp%2Fv2%2Fcomments&post=137"}],"version-history":[{"count":9,"href":"https:\/\/www.franzvitzthum.de\/index.php?rest_route=\/wp\/v2\/pages\/137\/revisions"}],"predecessor-version":[{"id":1619,"href":"https:\/\/www.franzvitzthum.de\/index.php?rest_route=\/wp\/v2\/pages\/137\/revisions\/1619"}],"wp:attachment":[{"href":"https:\/\/www.franzvitzthum.de\/index.php?rest_route=%2Fwp%2Fv2%2Fmedia&parent=137"}],"curies":[{"name":"wp","href":"https:\/\/api.w.org\/{rel}","templated":true}]}}