{"id":13,"date":"2018-09-12T21:44:11","date_gmt":"2018-09-12T19:44:11","guid":{"rendered":"http:\/\/www.franzvitzthum.de\/?page_id=13"},"modified":"2024-09-17T10:08:25","modified_gmt":"2024-09-17T10:08:25","slug":"biographie","status":"publish","type":"page","link":"https:\/\/www.franzvitzthum.de\/?page_id=13","title":{"rendered":"BIOGRAPHIE"},"content":{"rendered":"<p>[et_pb_section fb_built=&#8220;1&#8243; fullwidth=&#8220;on&#8220; _builder_version=&#8220;4.16&#8243; global_colors_info=&#8220;{}&#8220;][\/et_pb_section][et_pb_section fb_built=&#8220;1&#8243; fullwidth=&#8220;on&#8220; _builder_version=&#8220;4.16&#8243; global_colors_info=&#8220;{}&#8220;][et_pb_fullwidth_image src=&#8220;https:\/\/www.franzvitzthum.de\/wp-content\/uploads\/2019\/09\/P1230386.jpg&#8220; _builder_version=&#8220;4.16&#8243; max_height=&#8220;800px&#8220; max_height_tablet=&#8220;&#8220; max_height_phone=&#8220;&#8220; max_height_last_edited=&#8220;on|desktop&#8220; global_colors_info=&#8220;{}&#8220;][\/et_pb_fullwidth_image][\/et_pb_section][et_pb_section fb_built=&#8220;1&#8243; _builder_version=&#8220;4.16&#8243; custom_padding=&#8220;54px|0px|0|0px|false|false&#8220; global_colors_info=&#8220;{}&#8220;][et_pb_row column_structure=&#8220;1_2,1_2&#8243; _builder_version=&#8220;4.16&#8243; global_colors_info=&#8220;{}&#8220;][et_pb_column type=&#8220;1_2&#8243; _builder_version=&#8220;4.16&#8243; custom_padding=&#8220;|||&#8220; global_colors_info=&#8220;{}&#8220; custom_padding__hover=&#8220;|||&#8220;][et_pb_image src=&#8220;https:\/\/www.franzvitzthum.de\/wp-content\/uploads\/2019\/09\/FRANZ_VITZTHUM_2018_schneiderphotography_03-1024&#215;683.jpg&#8220; align_tablet=&#8220;center&#8220; align_phone=&#8220;&#8220; align_last_edited=&#8220;on|desktop&#8220; _builder_version=&#8220;4.16&#8243; global_colors_info=&#8220;{}&#8220;][\/et_pb_image][et_pb_cta title=&#8220;Pressematerial&#8220; url_new_window=&#8220;on&#8220; _builder_version=&#8220;4.16&#8243; background_color=&#8220;rgba(48,165,255,0.13)&#8220; custom_button=&#8220;on&#8220; button_border_radius=&#8220;11px&#8220; button_font=&#8220;||||||||&#8220; background_layout=&#8220;light&#8220; min_height=&#8220;207px&#8220; custom_padding=&#8220;||0px|||&#8220; link_option_url_new_window=&#8220;on&#8220; global_colors_info=&#8220;{}&#8220; button_text_size__hover_enabled=&#8220;off&#8220; button_one_text_size__hover_enabled=&#8220;off&#8220; button_two_text_size__hover_enabled=&#8220;off&#8220; button_text_color__hover_enabled=&#8220;off&#8220; button_one_text_color__hover_enabled=&#8220;off&#8220; button_two_text_color__hover_enabled=&#8220;off&#8220; button_border_width__hover_enabled=&#8220;off&#8220; button_one_border_width__hover_enabled=&#8220;off&#8220; button_two_border_width__hover_enabled=&#8220;off&#8220; button_border_color__hover_enabled=&#8220;off&#8220; button_one_border_color__hover_enabled=&#8220;off&#8220; button_two_border_color__hover_enabled=&#8220;off&#8220; button_border_radius__hover_enabled=&#8220;off&#8220; button_one_border_radius__hover_enabled=&#8220;off&#8220; button_two_border_radius__hover_enabled=&#8220;off&#8220; button_letter_spacing__hover_enabled=&#8220;off&#8220; button_one_letter_spacing__hover_enabled=&#8220;off&#8220; button_two_letter_spacing__hover_enabled=&#8220;off&#8220; button_bg_color__hover_enabled=&#8220;off&#8220; button_one_bg_color__hover_enabled=&#8220;off&#8220; button_two_bg_color__hover_enabled=&#8220;off&#8220;]<\/p>\n<p>Die folgenden Materialen bitte ausschlie\u00dflich in dieser Form ohne \u00c4nderungen nutzen. Text\u00e4nderungen oder die Nutzung von anderem Bildmaterial ist vorher abzusprechen.<\/p>\n<p><span><div class=\"sdm_download_button_box_default\"><div class=\"sdm_download_link\"><a href=\"https:\/\/www.franzvitzthum.de\/?sdm_process_download=1&download_id=1052\" class=\"sdm_download blue\" title=\"Vita Franz Vitzthum\" >Vita Franz Vitzthum<\/a><\/div><\/div><\/span><br \/><span><div class=\"sdm_download_button_box_default\"><div class=\"sdm_download_link\"><a href=\"https:\/\/www.franzvitzthum.de\/?sdm_process_download=1&download_id=1125\" class=\"sdm_download blue\" title=\"Vita Franz Vitzthum englisch\" >Vita Franz Vitzthum English<\/a><\/div><\/div><\/span><br \/><span><div class=\"sdm_download_button_box_default\"><div class=\"sdm_download_link\"><a href=\"https:\/\/www.franzvitzthum.de\/?sdm_process_download=1&download_id=1123\" class=\"sdm_download blue\" title=\"Pressefoto Franz Vitzthum 300 dpi\" >Bild Franz Vitzthum<\/a><\/div><\/div><\/span><\/p>\n<p>[\/et_pb_cta][\/et_pb_column][et_pb_column type=&#8220;1_2&#8243; _builder_version=&#8220;4.16&#8243; custom_padding=&#8220;|||&#8220; global_colors_info=&#8220;{}&#8220; custom_padding__hover=&#8220;|||&#8220;][et_pb_text _builder_version=&#8220;4.16&#8243; text_font=&#8220;|500|||||||&#8220; ul_font=&#8220;||||||||&#8220; header_font=&#8220;|800|||||||&#8220; header_font_size=&#8220;95px&#8220; header_2_font=&#8220;||||||||&#8220; header_3_font=&#8220;||||||||&#8220; header_4_font=&#8220;||||||||&#8220; header_5_font=&#8220;||||||||&#8220; header_6_font=&#8220;||||||||&#8220; inline_fonts=&#8220;Raleway,Trebuchet,Verdana,Georgia&#8220; global_colors_info=&#8220;{}&#8220;]<\/p>\n<p>&nbsp;<\/p>\n<p>Franz Vitzthum, geboren in der Oberpfalz, erhielt seine erste musikalische Ausbildung bei den Regensburger Domspatzen. Sein Gesangsstudium absolvierte er 2007 bei Kai Wessel an der Musikhochschule Ko\u0308ln. Schon wa\u0308hrend seiner Ausbildung erhielt er zahlreiche Preise und Stipendien.<\/p>\n<p>Mittlerweile folgten Einladungen zu Solo-Abenden beim Rheingau Musik Festival, den Ha\u0308ndel-Festspielen in Halle, Karlsruhe und Go\u0308ttingen, zu La Folle Journe\u0301e in Nantes und dem Bach Festival Philadelpia. Er arbeitete u. a. mit den Dirigenten Wolfgang Katschner, Vaclav Luks, Hermann Max, Marcus Creed und Philippe Herreweghe zusammen.<\/p>\n<p>Des Weiteren hat Franz Vitzthum bei diversen Opern- und Oratorienproduktionen mitgewirkt, u. a. bei Scherz, Satire, Ironie und tiefere Bedeutung (Glanert), Jephta und Solomon (Ha\u0308ndel), Orfeo (Gluck) und Orlando generoso (Steffani) und in Spartaco (Porsile) an der Winteroper in Schwetzingen.<\/p>\n<p>Franz Vitzthum ist auch vielgefragter Kammermusikpartner. So konzertiert er regelma\u0308\u00dfig mit dem Lautenisten Julian Behr, der Zitherspielerin Gertrud Wittkowsky, dem Capricornus Consort Basel und sang mit dem von ihm gegru\u0308ndeten Vokalensemble Stimmwerck.<\/p>\n<p>Diese vielseitige Ta\u0308tigkeit spiegelt sich in seiner Diskografie wider, die laufend erweitert wird:\u00a0Nach seinen ersten CDs \u201eHimmels-Lieder\u201c und \u201eLuthers Laute\u201c, die von der Fachpresse einhellig gelobt wurden, erschienen zahlreiche weitere Ver\u00f6ffentlichungen: 2018 eine CD mit Graupner-Kantaten im Duett mit Miriam Feuersinger, Sopran. 2020 erschien \u201eThe Life. The Light. The way.\u2014 Sacred Arias by G. F. Ha\u0308ndel\u201c (mit L\u2019Orfeo Barockorchester, Leitung Julian To\u0308lle), 2021 \u201eNachthimmel\u201c mit Liedern von C. F. Zelter, F. Schubert, J. F. H. v. Dalberg, Josephine Lang, u. a. (mit Katharina O. Brand am Hammerflu\u0308gel). Mit Georg Poplutz (Tenor) hat er vor wenigen Tagen die CD \u201eDer Herr ist auferstanden\u201c, Duette und Arien von C. Graupner, ver\u00f6ffentlicht.<\/p>\n<p>Franz Vitzthum unterrichtet in Form von zahlreichen Kursen (fu\u0308r das Heinrich-Schu\u0308tz-Haus Bad Ko\u0308stritz, die Landesmusikakademie Rheinland Pfalz oder bei der Semana de Mu\u0301sica Sacra de la Habana auf Kuba). <br \/>Er ist Lehrkraft fu\u0308r Gesang \/ Alte Musik am Dr. Hoch\u2019s Konservatorium Frankfurt am Main.<\/p>\n<p>&nbsp;<\/p>\n<p>[\/et_pb_text][\/et_pb_column][\/et_pb_row][\/et_pb_section][et_pb_section fb_built=&#8220;1&#8243; _builder_version=&#8220;4.16&#8243; custom_padding=&#8220;0|0px|0|0px|false|false&#8220; global_colors_info=&#8220;{}&#8220;][et_pb_row _builder_version=&#8220;4.16&#8243; global_colors_info=&#8220;{}&#8220;][et_pb_column type=&#8220;4_4&#8243; _builder_version=&#8220;4.16&#8243; custom_padding=&#8220;|||&#8220; global_colors_info=&#8220;{}&#8220; custom_padding__hover=&#8220;|||&#8220;][et_pb_divider color=&#8220;rgba(147,147,147,0.45)&#8220; _builder_version=&#8220;4.16&#8243; custom_padding=&#8220;||0px|||&#8220; global_colors_info=&#8220;{}&#8220;][\/et_pb_divider][\/et_pb_column][\/et_pb_row][\/et_pb_section][et_pb_section fb_built=&#8220;1&#8243; _builder_version=&#8220;4.16&#8243; custom_margin=&#8220;-34px|||||&#8220; custom_padding=&#8220;0px|0px|0|0px|false|false&#8220; global_colors_info=&#8220;{}&#8220;][et_pb_row _builder_version=&#8220;4.16&#8243; custom_padding=&#8220;4px||0px|||&#8220; global_colors_info=&#8220;{}&#8220;][et_pb_column type=&#8220;4_4&#8243; _builder_version=&#8220;4.16&#8243; global_colors_info=&#8220;{}&#8220;][et_pb_text _builder_version=&#8220;4.16&#8243; text_font=&#8220;Raleway|500|||||||&#8220; text_font_size=&#8220;16px&#8220; ul_font=&#8220;||||||||&#8220; header_font=&#8220;|800|||||||&#8220; header_font_size=&#8220;95px&#8220; header_2_font=&#8220;||||||||&#8220; header_3_font=&#8220;||||||||&#8220; header_4_font=&#8220;||||||||&#8220; header_5_font=&#8220;||||||||&#8220; header_6_font=&#8220;||||||||&#8220; text_orientation=&#8220;justified&#8220; min_height=&#8220;71px&#8220; inline_fonts=&#8220;Raleway&#8220; global_colors_info=&#8220;{}&#8220;]<\/p>\n<h2>Interviews<\/h2>\n<p>[\/et_pb_text][\/et_pb_column][\/et_pb_row][et_pb_row column_structure=&#8220;1_4,1_4,1_4,1_4&#8243; _builder_version=&#8220;4.16&#8243; custom_margin=&#8220;4px|auto||auto||&#8220; custom_padding=&#8220;0px|||||&#8220; global_colors_info=&#8220;{}&#8220;][et_pb_column type=&#8220;1_4&#8243; _builder_version=&#8220;4.16&#8243; global_colors_info=&#8220;{}&#8220;][et_pb_cta title=&#8220;11 Fragen an Franz Vitzthum&#8220; button_url=&#8220;https:\/\/www.nmz.de\/artikel\/11-fragen-an-franz-vitzthum&#8220; url_new_window=&#8220;on&#8220; button_text=&#8220;Lesen&#8220; _builder_version=&#8220;4.16&#8243; background_enable_color=&#8220;off&#8220; background_image=&#8220;https:\/\/www.franzvitzthum.de\/wp-content\/uploads\/2019\/06\/P1160488-4-300&#215;225.jpg&#8220; global_colors_info=&#8220;{}&#8220;]<\/p>\n<p>Neue Musikzeitung<\/p>\n<p>[\/et_pb_cta][\/et_pb_column][et_pb_column type=&#8220;1_4&#8243; _builder_version=&#8220;4.16&#8243; global_colors_info=&#8220;{}&#8220;][\/et_pb_column][et_pb_column type=&#8220;1_4&#8243; _builder_version=&#8220;4.16&#8243; global_colors_info=&#8220;{}&#8220;][\/et_pb_column][et_pb_column type=&#8220;1_4&#8243; _builder_version=&#8220;4.16&#8243; global_colors_info=&#8220;{}&#8220;][\/et_pb_column][\/et_pb_row][\/et_pb_section]<\/p>\n","protected":false},"excerpt":{"rendered":"<p>Die folgenden Materialen bitte ausschlie\u00dflich in dieser Form ohne \u00c4nderungen nutzen. Text\u00e4nderungen oder die Nutzung von anderem Bildmaterial ist vorher abzusprechen. <div class=\"sdm_download_button_box_default\"><div class=\"sdm_download_link\"><a href=\"https:\/\/www.franzvitzthum.de\/?sdm_process_download=1&download_id=1052\" class=\"sdm_download blue\" title=\"Vita Franz Vitzthum\" >Vita Franz Vitzthum<\/a><\/div><\/div><div class=\"sdm_download_button_box_default\"><div class=\"sdm_download_link\"><a href=\"https:\/\/www.franzvitzthum.de\/?sdm_process_download=1&download_id=1125\" class=\"sdm_download blue\" title=\"Vita Franz Vitzthum englisch\" >Vita Franz Vitzthum English<\/a><\/div><\/div><div class=\"sdm_download_button_box_default\"><div class=\"sdm_download_link\"><a href=\"https:\/\/www.franzvitzthum.de\/?sdm_process_download=1&download_id=1123\" class=\"sdm_download blue\" title=\"Pressefoto Franz Vitzthum 300 dpi\" >Bild Franz Vitzthum<\/a><\/div><\/div>&nbsp; Franz Vitzthum, geboren in der Oberpfalz, erhielt seine erste musikalische Ausbildung bei den Regensburger [&hellip;]<\/p>\n","protected":false},"author":3,"featured_media":0,"parent":0,"menu_order":0,"comment_status":"closed","ping_status":"closed","template":"","meta":{"_acf_changed":false,"_et_pb_use_builder":"on","_et_pb_old_content":"","_et_gb_content_width":"","footnotes":""},"class_list":["post-13","page","type-page","status-publish","hentry"],"acf":[],"_links":{"self":[{"href":"https:\/\/www.franzvitzthum.de\/index.php?rest_route=\/wp\/v2\/pages\/13","targetHints":{"allow":["GET"]}}],"collection":[{"href":"https:\/\/www.franzvitzthum.de\/index.php?rest_route=\/wp\/v2\/pages"}],"about":[{"href":"https:\/\/www.franzvitzthum.de\/index.php?rest_route=\/wp\/v2\/types\/page"}],"author":[{"embeddable":true,"href":"https:\/\/www.franzvitzthum.de\/index.php?rest_route=\/wp\/v2\/users\/3"}],"replies":[{"embeddable":true,"href":"https:\/\/www.franzvitzthum.de\/index.php?rest_route=%2Fwp%2Fv2%2Fcomments&post=13"}],"version-history":[{"count":83,"href":"https:\/\/www.franzvitzthum.de\/index.php?rest_route=\/wp\/v2\/pages\/13\/revisions"}],"predecessor-version":[{"id":2182,"href":"https:\/\/www.franzvitzthum.de\/index.php?rest_route=\/wp\/v2\/pages\/13\/revisions\/2182"}],"wp:attachment":[{"href":"https:\/\/www.franzvitzthum.de\/index.php?rest_route=%2Fwp%2Fv2%2Fmedia&parent=13"}],"curies":[{"name":"wp","href":"https:\/\/api.w.org\/{rel}","templated":true}]}}